{"id":2732,"date":"2020-04-29T13:35:10","date_gmt":"2020-04-29T13:35:10","guid":{"rendered":"https:\/\/getriebedienstnord.de\/impressum\/"},"modified":"2023-05-24T10:14:48","modified_gmt":"2023-05-24T10:14:48","slug":"impressum","status":"publish","type":"page","link":"https:\/\/getriebedienstnord.de\/da\/impressum\/","title":{"rendered":"Impressum"},"content":{"rendered":"<div class=\"wpb-content-wrapper\"><p>[vc_row][vc_column][vc_column_text]Getriebedienst Nord GmbH<\/p>\n<p>Gesch\u00e4ftsf\u00fchrer: Frank Sch\u00f6nrock<br \/>\nSch\u00fctterberg 13<br \/>\n25524 Itzehoe<\/p>\n<p>Tel.: 04821 \u2013 88 77 434<\/p>\n<p>E-Mail: <span id=\"eeb-464331-573739\">info@getriebedienstnord-hamburg.de<\/span><\/p>\n<p>HRB: 12907Pi<br \/>\nUstID: DE310517742<\/p>\n<h3>HAFTUNGSAUSSCHLUSS<\/h3>\n<h4>Haftung f\u00fcr Inhalte<\/h4>\n<p>Als Diensteanbieter sind wir gem\u00e4\u00df \u00a7 7 Abs.1 TMG f\u00fcr eigene Inhalte auf diesen Seiten nach den allgemeinen Gesetzen verantwortlich. Nach \u00a7\u00a7 8 bis 10 TMG sind wir als Diensteanbieter jedoch nicht verpflichtet, \u00fcbermittelte oder gespeicherte fremde Informationen zu \u00fcberwachen oder nach Umst\u00e4nden zu forschen, die auf eine rechtswidrige T\u00e4tigkeit hinweisen. Verpflichtungen zur Entfernung oder Sperrung der Nutzung von Informationen nach den allgemeinen Gesetzen bleiben hiervon unber\u00fchrt. Eine diesbez\u00fcgliche Haftung ist jedoch erst ab dem Zeitpunkt der Kenntnis einer konkreten Rechtsverletzung m\u00f6glich. Bei Bekanntwerden von entsprechenden Rechtsverletzungen werden wir diese Inhalte umgehend entfernen.<\/p>\n<h4>HAFTUNG F\u00dcR LINKS<\/h4>\n<p>Unser Angebot enth\u00e4lt Links zu externen Webseiten Dritter, auf deren Inhalte wir keinen Einfluss haben. Deshalb k\u00f6nnen wir f\u00fcr diese fremden Inhalte auch keine Gew\u00e4hr \u00fcbernehmen. F\u00fcr die Inhalte der verlinkten Seiten ist stets der jeweilige Anbieter oder Betreiber der Seiten verantwortlich. Die verlinkten Seiten wurden zum Zeitpunkt der Verlinkung auf m\u00f6gliche Rechtsverst\u00f6\u00dfe \u00fcberpr\u00fcft. Rechtswidrige Inhalte waren zum Zeitpunkt der Verlinkung nicht erkennbar. Eine permanente inhaltliche Kontrolle der verlinkten Seiten ist jedoch ohne konkrete Anhaltspunkte einer Rechtsverletzung nicht zumutbar. Bei Bekanntwerden von Rechtsverletzungen werden wir derartige Links umgehend entfernen.<\/p>\n<p>&nbsp;<\/p>\n<h4>URHEBERRECHT<\/h4>\n<p>Die durch die Seitenbetreiber erstellten Inhalte und Werke auf diesen Seiten unterliegen dem deutschen Urheberrecht. Die Vervielf\u00e4ltigung, Bearbeitung, Verbreitung und jede Art der Verwertung au\u00dferhalb der Grenzen des Urheberrechtes bed\u00fcrfen der schriftlichen Zustimmung des jeweiligen Autors bzw. Erstellers. Downloads und Kopien dieser Seite sind nur f\u00fcr den privaten, nicht kommerziellen Gebrauch gestattet. Soweit die Inhalte auf dieser Seite nicht vom Betreiber erstellt wurden, werden die Urheberrechte Dritter beachtet. Insbesondere werden Inhalte Dritter als solche gekennzeichnet. Sollten Sie trotzdem auf eine Urheberrechtsverletzung aufmerksam werden, bitten wir um einen entsprechenden Hinweis. Bei Bekanntwerden von Rechtsverletzungen werden wir derartige Inhalte umgehend entfernen.[\/vc_column_text][\/vc_column][\/vc_row]<\/p>\n<\/div>","protected":false},"excerpt":{"rendered":"<p>[vc_row][vc_column][vc_column_text]Getriebedienst Nord GmbH Gesch\u00e4ftsf\u00fchrer: Frank Sch\u00f6nrock Sch\u00fctterberg 13 25524 Itzehoe Tel.: 04821 \u2013 88 77 434 E-Mail: info@getriebedienstnord-hamburg.de HRB: 12907Pi UstID: DE310517742 HAFTUNGSAUSSCHLUSS Haftung f\u00fcr Inhalte Als Diensteanbieter sind wir gem\u00e4\u00df \u00a7 7 Abs.1 TMG f\u00fcr eigene Inhalte auf diesen Seiten nach den allgemeinen Gesetzen verantwortlich. Nach \u00a7\u00a7 8 bis 10 TMG sind wir als&hellip;<\/p>\n","protected":false},"author":1,"featured_media":0,"parent":0,"menu_order":6,"comment_status":"closed","ping_status":"closed","template":"","meta":{"_acf_changed":false,"footnotes":""},"class_list":["post-2732","page","type-page","status-publish","hentry","description-off"],"acf":[],"yoast_head":"<!-- This site is optimized with the Yoast SEO plugin v25.1 - https:\/\/yoast.com\/wordpress\/plugins\/seo\/ -->\n<title>Impressum Informationen | Getriebedienstnord GmbH<\/title>\n<meta name=\"description\" content=\"Hier finden Sie die gesetzlichen Impressum Informationen des Unternehmens Getriebedienstnord GmbH\" \/>\n<meta name=\"robots\" content=\"noindex, nofollow\" \/>\n<meta property=\"og:locale\" content=\"da_DK\" \/>\n<meta property=\"og:type\" content=\"article\" \/>\n<meta property=\"og:title\" content=\"Impressum Informationen | Getriebedienstnord GmbH\" \/>\n<meta property=\"og:description\" content=\"Hier finden Sie die gesetzlichen Impressum Informationen des Unternehmens Getriebedienstnord GmbH\" \/>\n<meta property=\"og:url\" content=\"https:\/\/getriebedienstnord.de\/da\/impressum\/\" \/>\n<meta property=\"og:site_name\" content=\"Getriebedienst Nord GmbH\" \/>\n<meta property=\"article:modified_time\" content=\"2023-05-24T10:14:48+00:00\" \/>\n<meta name=\"twitter:card\" content=\"summary_large_image\" \/>\n<meta name=\"twitter:label1\" content=\"Estimeret l\u00e6setid\" \/>\n\t<meta name=\"twitter:data1\" content=\"2 minutter\" \/>\n<script type=\"application\/ld+json\" class=\"yoast-schema-graph\">{\"@context\":\"https:\/\/schema.org\",\"@graph\":[{\"@type\":\"WebPage\",\"@id\":\"https:\/\/getriebedienstnord.de\/da\/impressum\/\",\"url\":\"https:\/\/getriebedienstnord.de\/da\/impressum\/\",\"name\":\"Impressum Informationen | Getriebedienstnord GmbH\",\"isPartOf\":{\"@id\":\"https:\/\/getriebedienstnord.de\/da\/#website\"},\"datePublished\":\"2020-04-29T13:35:10+00:00\",\"dateModified\":\"2023-05-24T10:14:48+00:00\",\"description\":\"Hier finden Sie die gesetzlichen Impressum Informationen des Unternehmens Getriebedienstnord GmbH\",\"breadcrumb\":{\"@id\":\"https:\/\/getriebedienstnord.de\/da\/impressum\/#breadcrumb\"},\"inLanguage\":\"da-DK\",\"potentialAction\":[{\"@type\":\"ReadAction\",\"target\":[\"https:\/\/getriebedienstnord.de\/da\/impressum\/\"]}]},{\"@type\":\"BreadcrumbList\",\"@id\":\"https:\/\/getriebedienstnord.de\/da\/impressum\/#breadcrumb\",\"itemListElement\":[{\"@type\":\"ListItem\",\"position\":1,\"name\":\"Startseite\",\"item\":\"https:\/\/getriebedienstnord.de\/da\/\"},{\"@type\":\"ListItem\",\"position\":2,\"name\":\"Impressum\"}]},{\"@type\":\"WebSite\",\"@id\":\"https:\/\/getriebedienstnord.de\/da\/#website\",\"url\":\"https:\/\/getriebedienstnord.de\/da\/\",\"name\":\"Getriebedienst Nord GmbH\",\"description\":\"Der Spezialist f\u00fcr Automatik- und Schaltgetriebe\",\"potentialAction\":[{\"@type\":\"SearchAction\",\"target\":{\"@type\":\"EntryPoint\",\"urlTemplate\":\"https:\/\/getriebedienstnord.de\/da\/?s={search_term_string}\"},\"query-input\":{\"@type\":\"PropertyValueSpecification\",\"valueRequired\":true,\"valueName\":\"search_term_string\"}}],\"inLanguage\":\"da-DK\"}]}<\/script>\n<!-- \/ Yoast SEO plugin. -->","yoast_head_json":{"title":"Impressum Informationen | Getriebedienstnord GmbH","description":"Hier finden Sie die gesetzlichen Impressum Informationen des Unternehmens Getriebedienstnord GmbH","robots":{"index":"noindex","follow":"nofollow"},"og_locale":"da_DK","og_type":"article","og_title":"Impressum Informationen | Getriebedienstnord GmbH","og_description":"Hier finden Sie die gesetzlichen Impressum Informationen des Unternehmens Getriebedienstnord GmbH","og_url":"https:\/\/getriebedienstnord.de\/da\/impressum\/","og_site_name":"Getriebedienst Nord GmbH","article_modified_time":"2023-05-24T10:14:48+00:00","twitter_card":"summary_large_image","twitter_misc":{"Estimeret l\u00e6setid":"2 minutter"},"schema":{"@context":"https:\/\/schema.org","@graph":[{"@type":"WebPage","@id":"https:\/\/getriebedienstnord.de\/da\/impressum\/","url":"https:\/\/getriebedienstnord.de\/da\/impressum\/","name":"Impressum Informationen | Getriebedienstnord GmbH","isPartOf":{"@id":"https:\/\/getriebedienstnord.de\/da\/#website"},"datePublished":"2020-04-29T13:35:10+00:00","dateModified":"2023-05-24T10:14:48+00:00","description":"Hier finden Sie die gesetzlichen Impressum Informationen des Unternehmens Getriebedienstnord GmbH","breadcrumb":{"@id":"https:\/\/getriebedienstnord.de\/da\/impressum\/#breadcrumb"},"inLanguage":"da-DK","potentialAction":[{"@type":"ReadAction","target":["https:\/\/getriebedienstnord.de\/da\/impressum\/"]}]},{"@type":"BreadcrumbList","@id":"https:\/\/getriebedienstnord.de\/da\/impressum\/#breadcrumb","itemListElement":[{"@type":"ListItem","position":1,"name":"Startseite","item":"https:\/\/getriebedienstnord.de\/da\/"},{"@type":"ListItem","position":2,"name":"Impressum"}]},{"@type":"WebSite","@id":"https:\/\/getriebedienstnord.de\/da\/#website","url":"https:\/\/getriebedienstnord.de\/da\/","name":"Getriebedienst Nord GmbH","description":"Der Spezialist f\u00fcr Automatik- und Schaltgetriebe","potentialAction":[{"@type":"SearchAction","target":{"@type":"EntryPoint","urlTemplate":"https:\/\/getriebedienstnord.de\/da\/?s={search_term_string}"},"query-input":{"@type":"PropertyValueSpecification","valueRequired":true,"valueName":"search_term_string"}}],"inLanguage":"da-DK"}]}},"_links":{"self":[{"href":"https:\/\/getriebedienstnord.de\/da\/wp-json\/wp\/v2\/pages\/2732"}],"collection":[{"href":"https:\/\/getriebedienstnord.de\/da\/wp-json\/wp\/v2\/pages"}],"about":[{"href":"https:\/\/getriebedienstnord.de\/da\/wp-json\/wp\/v2\/types\/page"}],"author":[{"embeddable":true,"href":"https:\/\/getriebedienstnord.de\/da\/wp-json\/wp\/v2\/users\/1"}],"replies":[{"embeddable":true,"href":"https:\/\/getriebedienstnord.de\/da\/wp-json\/wp\/v2\/comments?post=2732"}],"version-history":[{"count":2,"href":"https:\/\/getriebedienstnord.de\/da\/wp-json\/wp\/v2\/pages\/2732\/revisions"}],"predecessor-version":[{"id":3265,"href":"https:\/\/getriebedienstnord.de\/da\/wp-json\/wp\/v2\/pages\/2732\/revisions\/3265"}],"wp:attachment":[{"href":"https:\/\/getriebedienstnord.de\/da\/wp-json\/wp\/v2\/media?parent=2732"}],"curies":[{"name":"wp","href":"https:\/\/api.w.org\/{rel}","templated":true}]}}