{"id":2724,"date":"2022-02-03T09:04:38","date_gmt":"2022-02-03T09:04:38","guid":{"rendered":"https:\/\/getriebedienstnord.de\/itzehoe\/getriebe-austausch\/"},"modified":"2023-12-13T07:09:40","modified_gmt":"2023-12-13T07:09:40","slug":"gearkasse-udskiftning","status":"publish","type":"page","link":"https:\/\/getriebedienstnord.de\/da\/itzehoe\/gearkasse-udskiftning\/","title":{"rendered":"Gearkasse-udskiftning"},"content":{"rendered":"<div class=\"wpb-content-wrapper\"><p>[vc_row css=&#8221;.vc_custom_1588159093692{margin-bottom: 80px !important;}&#8221;][vc_column width=&#8221;1\/2&#8243;]<div id=\"ultimate-heading-240369e0a33eca6a3\" class=\"uvc-heading ult-adjust-bottom-margin ultimate-heading-240369e0a33eca6a3 uvc-8756 \" data-hspacer=\"no_spacer\"  data-halign=\"left\" style=\"text-align:left\"><div class=\"uvc-heading-spacer no_spacer\" style=\"top\"><\/div><div class=\"uvc-main-heading ult-responsive\"  data-ultimate-target='.uvc-heading.ultimate-heading-240369e0a33eca6a3 h1'  data-responsive-json-new='{\"font-size\":\"desktop:50px;\",\"line-height\":\"\"}' ><h1 style=\"--font-weight:theme;\">Gearkasse-udskiftning i Itzehoe<\/h1><\/div><div class=\"uvc-sub-heading ult-responsive\"  data-ultimate-target='.uvc-heading.ultimate-heading-240369e0a33eca6a3 .uvc-sub-heading '  data-responsive-json-new='{\"font-size\":\"\",\"line-height\":\"\"}'  style=\"font-weight:normal;\">En gear-reparation er ikke altid klog eller hensigtsm\u00e6ssig.<span class=\"Apple-converted-space\">\u00a0<\/span><\/p>\n<p>I nogle tilf\u00e6lde kan det ske, at reparation ikke l\u00e6ngere er rentabel, f.eks. p\u00e5 grund af for mange skader eller n\u00e5r der er tvivl om den sikkerhed eller kvalitet, der skal kunne garanteres. <span class=\"Apple-converted-space\">\u00a0<\/span><\/p>\n<p>Efter en grundig inspektion af din bil kan vores erfarne personale r\u00e5dgive dig i detalje herom. Hvis din bil ikke l\u00e6ngere er k\u00f8reklar, henter vi den gerne for dig. <span class=\"Apple-converted-space\">\u00a0<\/span><\/p>\n<p>Hvis det ikke er muligt at reparere dine gear, kan du altid stole p\u00e5, at vores specialister i Itzehoe udf\u00f8rer en p\u00e5lidelig og problemfri gearkasse-udskiftning ved hj\u00e6lp af de nyeste v\u00e6rkt\u00f8jer og teknikker.<\/p>\n<p>Gearkassen udskiftes korrekt uanset m\u00e6rke og type og fyldes derefter med h\u00f8jkvalitets gearkasse-olie. Til sidst udf\u00f8res et detaljeret og pr\u00e6cist funktionstjek.<span class=\"Apple-converted-space\">\u00a0<\/span><\/p>\n<p>Om n\u00f8dvendigt stiller vi et lejebil til r\u00e5dighed i reparationsperioden. <span class=\"Apple-converted-space\">\u00a0<\/span><\/div><\/div>[\/vc_column][vc_column width=&#8221;1\/2&#8243;][vc_single_image image=&#8221;2555&#8243; img_size=&#8221;500&#215;250&#8243; css=&#8221;.vc_custom_1645546862007{margin-bottom: 20px !important;}&#8221;]<div class=\"aio-icon-component    style_1\"><div id=\"Info-box-wrap-6061\" class=\"aio-icon-box default-icon\" style=\"\"  ><div class=\"aio-icon-default\"><div class=\"ult-just-icon-wrapper  \"><div class=\"align-icon\" style=\"text-align:center;\">\n<div class=\"aio-icon none \"  style=\"color:#ea551d;font-size:18px;display:inline-block;\">\n\t<i class=\"icomoon-icomoonfree-16x16-checkmark\"><\/i>\n<\/div><\/div><\/div><\/div><div class=\"aio-icon-header\" ><h3 class=\"aio-icon-title ult-responsive\"  data-ultimate-target='#Info-box-wrap-6061 .aio-icon-title'  data-responsive-json-new='{\"font-size\":\"\",\"line-height\":\"\"}'  style=\"\">GEARKASSE-UDSKIFTNING ALLE M\u00c6RKER<\/h3><\/div> <!-- header --><\/div> <!-- aio-icon-box --><\/div> <!-- aio-icon-component --><div class=\"aio-icon-component    style_1\"><div id=\"Info-box-wrap-2821\" class=\"aio-icon-box default-icon\" style=\"\"  ><div class=\"aio-icon-default\"><div class=\"ult-just-icon-wrapper  \"><div class=\"align-icon\" style=\"text-align:center;\">\n<div class=\"aio-icon none \"  style=\"color:#ea551d;font-size:18px;display:inline-block;\">\n\t<i class=\"icomoon-icomoonfree-16x16-checkmark\"><\/i>\n<\/div><\/div><\/div><\/div><div class=\"aio-icon-header\" ><h3 class=\"aio-icon-title ult-responsive\"  data-ultimate-target='#Info-box-wrap-2821 .aio-icon-title'  data-responsive-json-new='{\"font-size\":\"\",\"line-height\":\"\"}'  style=\"\">AFHENTNINGSSERVICE<\/h3><\/div> <!-- header --><\/div> <!-- aio-icon-box --><\/div> <!-- aio-icon-component --><div class=\"aio-icon-component    style_1\"><div id=\"Info-box-wrap-9095\" class=\"aio-icon-box default-icon\" style=\"\"  ><div class=\"aio-icon-default\"><div class=\"ult-just-icon-wrapper  \"><div class=\"align-icon\" style=\"text-align:center;\">\n<div class=\"aio-icon none \"  style=\"color:#ea551d;font-size:18px;display:inline-block;\">\n\t<i class=\"icomoon-icomoonfree-16x16-checkmark\"><\/i>\n<\/div><\/div><\/div><\/div><div class=\"aio-icon-header\" ><h3 class=\"aio-icon-title ult-responsive\"  data-ultimate-target='#Info-box-wrap-9095 .aio-icon-title'  data-responsive-json-new='{\"font-size\":\"\",\"line-height\":\"\"}'  style=\"\">L\u00c5NEBIL<\/h3><\/div> <!-- header --><\/div> <!-- aio-icon-box --><\/div> <!-- aio-icon-component --><div class=\"aio-icon-component    style_1\"><div id=\"Info-box-wrap-7746\" class=\"aio-icon-box default-icon\" style=\"\"  ><div class=\"aio-icon-default\"><div class=\"ult-just-icon-wrapper  \"><div class=\"align-icon\" style=\"text-align:center;\">\n<div class=\"aio-icon none \"  style=\"color:#ea551d;font-size:18px;display:inline-block;\">\n\t<i class=\"icomoon-icomoonfree-16x16-checkmark\"><\/i>\n<\/div><\/div><\/div><\/div><div class=\"aio-icon-header\" ><h3 class=\"aio-icon-title ult-responsive\"  data-ultimate-target='#Info-box-wrap-7746 .aio-icon-title'  data-responsive-json-new='{\"font-size\":\"\",\"line-height\":\"\"}'  style=\"\">1 \u00c5RS GARANTI<\/h3><\/div> <!-- header --><\/div> <!-- aio-icon-box --><\/div> <!-- aio-icon-component -->[\/vc_column][\/vc_row][vc_row bg_type=&#8221;bg_color&#8221; bg_override=&#8221;ex-full&#8221; type=&#8221;vc_default&#8221; css=&#8221;.vc_custom_1588795212022{padding-top: 60px !important;padding-bottom: 70px !important;}&#8221; bg_color_value=&#8221;#ea551d&#8221;][vc_column]<div id=\"ultimate-heading-461869e0a33ecb024\" class=\"uvc-heading ult-adjust-bottom-margin ultimate-heading-461869e0a33ecb024 uvc-6799 \" data-hspacer=\"no_spacer\"  data-halign=\"center\" style=\"text-align:center\"><div class=\"uvc-heading-spacer no_spacer\" style=\"top\"><\/div><div class=\"uvc-main-heading ult-responsive\"  data-ultimate-target='.uvc-heading.ultimate-heading-461869e0a33ecb024 h3'  data-responsive-json-new='{\"font-size\":\"desktop:40px;tablet_portrait:20px;mobile:28px;\",\"line-height\":\"desktop:46px;tablet_portrait:26px;mobile:28px;\"}' ><h3 style=\"font-family:&#039;Open Sans Condensed&#039;;font-weight:700;color:#ffffff;\">UFORPLIGTENDE FORESP\u00d8RGSEL FOR AFDELING:<\/h3><\/div><\/div>[vc_row_inner][vc_column_inner width=&#8221;1\/3&#8243;]<style type=\"text\/css\" data-type=\"the7_shortcodes-inline-css\">#default-btn-6337ad9d7cdc056f6c690da2ef0f08b4 {\n  border-radius: 1px;\n  font-size: 20px;\n  line-height: 22px;\n}\n.btn-shadow#default-btn-6337ad9d7cdc056f6c690da2ef0f08b4 {\n  box-shadow: 0 1px 6px rgba(0,0,0,0.12);\n  transition: box-shadow 0.2s ease-out, opacity 0.45s;\n}\n.btn-shadow#default-btn-6337ad9d7cdc056f6c690da2ef0f08b4:hover {\n  box-shadow: 0 5px 11px 0 rgba(0,0,0,0.18), 0 4px 15px 0 rgba(0,0,0,0.15);\n}\n.btn-3d#default-btn-6337ad9d7cdc056f6c690da2ef0f08b4 {\n  box-shadow: 0px 2px 0px 0px #4da7c3;\n}\n.btn-3d#default-btn-6337ad9d7cdc056f6c690da2ef0f08b4:hover {\n  box-shadow: 0px 2px 0px 0px #2f8aa5;\n}\n.btn-flat#default-btn-6337ad9d7cdc056f6c690da2ef0f08b4 {\n  box-shadow: none;\n}\n.btn-flat#default-btn-6337ad9d7cdc056f6c690da2ef0f08b4:hover {\n  box-shadow: none;\n}\n#default-btn-6337ad9d7cdc056f6c690da2ef0f08b4.ico-right-side > i {\n  margin-right: 0px;\n  margin-left: 8px;\n}\n#default-btn-6337ad9d7cdc056f6c690da2ef0f08b4 > i {\n  margin-right: 8px;\n  font-size: 12px;\n}\n#default-btn-6337ad9d7cdc056f6c690da2ef0f08b4:not(:hover) {\n  border-width: 0px;\n  border-color: #ffffff !important;\n  color: #ffffff;\n  background: #69c7e4 !important;\n  padding: 12px 18px 12px 18px;\n}\n#default-btn-6337ad9d7cdc056f6c690da2ef0f08b4:not(:hover) * {\n  color: #ffffff;\n}\n#default-btn-6337ad9d7cdc056f6c690da2ef0f08b4:hover {\n  border-width: 0px;\n  color: #f2f2f2;\n  background: #2fb9e2 !important;\n  padding: 12px 18px 12px 18px;\n}\n#default-btn-6337ad9d7cdc056f6c690da2ef0f08b4:hover * {\n  color: #f2f2f2;\n}\n#default-btn-6337ad9d7cdc056f6c690da2ef0f08b4.ico-right-side > i {\n  margin-right: 0px;\n  margin-left: 8px;\n}\n#default-btn-6337ad9d7cdc056f6c690da2ef0f08b4 > i {\n  margin-right: 8px;\n}<\/style><div class=\"btn-align-center\"><a href=\"https:\/\/getriebedienstnord.de\/da\/kontakt\/#kontakt-itzehoe\" class=\"default-btn-shortcode dt-btn link-hover-off btn-flat  vc_custom_1645546916823\" id=\"default-btn-6337ad9d7cdc056f6c690da2ef0f08b4\" style=\"width:400px;\"><span>ITZEHOE<\/span><\/a><\/div>[\/vc_column_inner][vc_column_inner width=&#8221;1\/3&#8243;]<style type=\"text\/css\" data-type=\"the7_shortcodes-inline-css\">#default-btn-f338cbd23fcea6e88cebcdaf6c88c293 {\n  border-radius: 1px;\n  font-size: 20px;\n  line-height: 22px;\n}\n.btn-shadow#default-btn-f338cbd23fcea6e88cebcdaf6c88c293 {\n  box-shadow: 0 1px 6px rgba(0,0,0,0.12);\n  transition: box-shadow 0.2s ease-out, opacity 0.45s;\n}\n.btn-shadow#default-btn-f338cbd23fcea6e88cebcdaf6c88c293:hover {\n  box-shadow: 0 5px 11px 0 rgba(0,0,0,0.18), 0 4px 15px 0 rgba(0,0,0,0.15);\n}\n.btn-3d#default-btn-f338cbd23fcea6e88cebcdaf6c88c293 {\n  box-shadow: 0px 2px 0px 0px #4da7c3;\n}\n.btn-3d#default-btn-f338cbd23fcea6e88cebcdaf6c88c293:hover {\n  box-shadow: 0px 2px 0px 0px #2f8aa5;\n}\n.btn-flat#default-btn-f338cbd23fcea6e88cebcdaf6c88c293 {\n  box-shadow: none;\n}\n.btn-flat#default-btn-f338cbd23fcea6e88cebcdaf6c88c293:hover {\n  box-shadow: none;\n}\n#default-btn-f338cbd23fcea6e88cebcdaf6c88c293.ico-right-side > i {\n  margin-right: 0px;\n  margin-left: 8px;\n}\n#default-btn-f338cbd23fcea6e88cebcdaf6c88c293 > i {\n  margin-right: 8px;\n  font-size: 12px;\n}\n#default-btn-f338cbd23fcea6e88cebcdaf6c88c293:not(:hover) {\n  border-width: 0px;\n  border-color: #ffffff !important;\n  color: #ffffff;\n  background: #69c7e4 !important;\n  padding: 12px 18px 12px 18px;\n}\n#default-btn-f338cbd23fcea6e88cebcdaf6c88c293:not(:hover) * {\n  color: #ffffff;\n}\n#default-btn-f338cbd23fcea6e88cebcdaf6c88c293:hover {\n  border-width: 0px;\n  color: #f2f2f2;\n  background: #2fb9e2 !important;\n  padding: 12px 18px 12px 18px;\n}\n#default-btn-f338cbd23fcea6e88cebcdaf6c88c293:hover * {\n  color: #f2f2f2;\n}\n#default-btn-f338cbd23fcea6e88cebcdaf6c88c293.ico-right-side > i {\n  margin-right: 0px;\n  margin-left: 8px;\n}\n#default-btn-f338cbd23fcea6e88cebcdaf6c88c293 > i {\n  margin-right: 8px;\n}<\/style><div class=\"btn-align-center\"><a href=\"https:\/\/getriebedienstnord.de\/da\/kontakt\/#kontakt-hamburg\" class=\"default-btn-shortcode dt-btn link-hover-off btn-flat  vc_custom_1645546924932\" id=\"default-btn-f338cbd23fcea6e88cebcdaf6c88c293\" style=\"width:400px;\"><span>HAMBURG<\/span><\/a><\/div>[\/vc_column_inner][vc_column_inner width=&#8221;1\/3&#8243;]<style type=\"text\/css\" data-type=\"the7_shortcodes-inline-css\">#default-btn-66bc3b423b832542cea9dcc8e79e499c {\n  border-radius: 1px;\n  font-size: 20px;\n  line-height: 22px;\n}\n.btn-shadow#default-btn-66bc3b423b832542cea9dcc8e79e499c {\n  box-shadow: 0 1px 6px rgba(0,0,0,0.12);\n  transition: box-shadow 0.2s ease-out, opacity 0.45s;\n}\n.btn-shadow#default-btn-66bc3b423b832542cea9dcc8e79e499c:hover {\n  box-shadow: 0 5px 11px 0 rgba(0,0,0,0.18), 0 4px 15px 0 rgba(0,0,0,0.15);\n}\n.btn-3d#default-btn-66bc3b423b832542cea9dcc8e79e499c {\n  box-shadow: 0px 2px 0px 0px #4da7c3;\n}\n.btn-3d#default-btn-66bc3b423b832542cea9dcc8e79e499c:hover {\n  box-shadow: 0px 2px 0px 0px #2f8aa5;\n}\n.btn-flat#default-btn-66bc3b423b832542cea9dcc8e79e499c {\n  box-shadow: none;\n}\n.btn-flat#default-btn-66bc3b423b832542cea9dcc8e79e499c:hover {\n  box-shadow: none;\n}\n#default-btn-66bc3b423b832542cea9dcc8e79e499c.ico-right-side > i {\n  margin-right: 0px;\n  margin-left: 8px;\n}\n#default-btn-66bc3b423b832542cea9dcc8e79e499c > i {\n  margin-right: 8px;\n  font-size: 12px;\n}\n#default-btn-66bc3b423b832542cea9dcc8e79e499c:not(:hover) {\n  border-width: 0px;\n  border-color: #ffffff !important;\n  color: #ffffff;\n  background: #69c7e4 !important;\n  padding: 12px 18px 12px 18px;\n}\n#default-btn-66bc3b423b832542cea9dcc8e79e499c:not(:hover) * {\n  color: #ffffff;\n}\n#default-btn-66bc3b423b832542cea9dcc8e79e499c:hover {\n  border-width: 0px;\n  color: #f2f2f2;\n  background: #2fb9e2 !important;\n  padding: 12px 18px 12px 18px;\n}\n#default-btn-66bc3b423b832542cea9dcc8e79e499c:hover * {\n  color: #f2f2f2;\n}\n#default-btn-66bc3b423b832542cea9dcc8e79e499c.ico-right-side > i {\n  margin-right: 0px;\n  margin-left: 8px;\n}\n#default-btn-66bc3b423b832542cea9dcc8e79e499c > i {\n  margin-right: 8px;\n}<\/style><div class=\"btn-align-center\"><a href=\"https:\/\/getriebedienstnord.de\/da\/kontakt\/#kontakt-flensburg\" class=\"default-btn-shortcode dt-btn link-hover-off btn-flat  vc_custom_1645546933398\" id=\"default-btn-66bc3b423b832542cea9dcc8e79e499c\" style=\"width:400px;\"><span>FLENSBURG<\/span><\/a><\/div>[\/vc_column_inner][\/vc_row_inner][\/vc_column][\/vc_row][vc_row type=&#8221;vc_default&#8221; margin_top=&#8221;60&#8243; margin_bottom=&#8221;-40&#8243; css=&#8221;.vc_custom_1588159204916{padding-top: 70px !important;padding-bottom: 70px !important;}&#8221;][vc_column]<div id=\"ultimate-heading-437569e0a33ecb426\" class=\"uvc-heading ult-adjust-bottom-margin ultimate-heading-437569e0a33ecb426 uvc-8078 accent-border-color\" data-hspacer=\"line_only\"  data-halign=\"center\" style=\"text-align:center\"><div class=\"uvc-main-heading ult-responsive\"  data-ultimate-target='.uvc-heading.ultimate-heading-437569e0a33ecb426 h2'  data-responsive-json-new='{\"font-size\":\"desktop:40px;\",\"line-height\":\"desktop:46px;\"}' ><h2 style=\"font-weight:bold;margin-bottom:15px;\">Till\u00e6gsydelser<\/h2><\/div><div class=\"uvc-heading-spacer line_only\" style=\"topheight:5px;\"><span class=\"uvc-headings-line\" style=\"border-style:solid;border-bottom-width:5px;border-color:;width:200px;\"><\/span><\/div><\/div>[\/vc_column][\/vc_row][vc_row][vc_column width=&#8221;1\/3&#8243; css=&#8221;.vc_custom_1588795434881{padding-bottom: 50px !important;}&#8221;]<div class=\"ult-new-ib ult-ib-effect-style13  ult-ib-resp   vc_custom_1645553362413\" data-min-width=\"\" data-max-width=\"\" style=\"background:#ea3e00;\" data-opacity=\"0.7\" data-hover-opacity=\"0.3\" ><img decoding=\"async\" class=\"ult-new-ib-img\" style=\"opacity:0.7;\" alt=\"1-Getriebe-Reparatur-itzehoe-getriebeinstandsetzung-itzehoe-Getriebedienstnord\" src=\"https:\/\/getriebedienstnord.de\/wp-content\/uploads\/2022\/02\/1-Getriebe-Reparatur-itzehoe-getriebeinstandsetzung-itzehoe-Getriebedienstnord.jpg\"   \/><div id=\"interactive-banner-wrap-6501\" class=\"ult-new-ib-desc\" style=\"\"><h2 class=\"ult-new-ib-title ult-responsive\"  data-ultimate-target='#interactive-banner-wrap-6501 .ult-new-ib-title'  data-responsive-json-new='{\"font-size\":\"desktop:30px;\",\"line-height\":\"desktop:30px;\"}'  style=\"font-weight:bold;color:#ffffff;\">GEARKASSE-REPARATIONER<\/h2><div class=\"ult-new-ib-content ult-responsive\"  data-ultimate-target='#interactive-banner-wrap-6501 .ult-new-ib-content'  data-responsive-json-new='{\"font-size\":\"desktop:14px;\",\"line-height\":\"desktop:22px;\"}'  style=\"font-weight:bold;color:#ffffff;\"><p>L\u00e6r mere<\/p><\/div><\/div><a class=\"ult-new-ib-link\" href=\"https:\/\/getriebedienstnord.de\/da\/itzehoe\/gearkasse-reparationer\"  ><\/a><\/div>[\/vc_column][vc_column width=&#8221;1\/3&#8243; css=&#8221;.vc_custom_1588795439020{padding-bottom: 50px !important;}&#8221;]<div class=\"ult-new-ib ult-ib-effect-style13  ult-ib-resp   vc_custom_1645553379656\" data-min-width=\"\" data-max-width=\"\" style=\"background:#ea551d;\" data-opacity=\"0.7\" data-hover-opacity=\"0.3\" ><img decoding=\"async\" class=\"ult-new-ib-img\" style=\"opacity:0.7;\" alt=\"1-Getriebe-Sp\u00fclung-itzehoe-Automatikgetriebe-sp\u00fclen-itzehoe-Getriebedienstnord\" src=\"https:\/\/getriebedienstnord.de\/wp-content\/uploads\/2022\/02\/1-Getriebe-Spuelung-itzehoe-Automatikgetriebe-spuelen-itzehoe-Getriebedienstnord.jpg\"   \/><div id=\"interactive-banner-wrap-1846\" class=\"ult-new-ib-desc\" style=\"\"><h2 class=\"ult-new-ib-title ult-responsive\"  data-ultimate-target='#interactive-banner-wrap-1846 .ult-new-ib-title'  data-responsive-json-new='{\"font-size\":\"desktop:30px;\",\"line-height\":\"desktop:30px;\"}'  style=\"font-weight:bold;color:#ffffff;\">GEARKASSE-SKYLNING<\/h2><div class=\"ult-new-ib-content ult-responsive\"  data-ultimate-target='#interactive-banner-wrap-1846 .ult-new-ib-content'  data-responsive-json-new='{\"font-size\":\"desktop:14px;\",\"line-height\":\"desktop:22px;\"}'  style=\"font-weight:bold;color:#ffffff;\"><p>L\u00e6r mere<\/p><\/div><\/div><a class=\"ult-new-ib-link\" href=\"https:\/\/getriebedienstnord.de\/da\/itzehoe\/gearkasse-skylning\"  ><\/a><\/div>[\/vc_column][vc_column width=&#8221;1\/3&#8243; css=&#8221;.vc_custom_1588795443779{padding-bottom: 50px !important;}&#8221;]<div class=\"ult-new-ib ult-ib-effect-style13  ult-ib-resp   vc_custom_1645553407088\" data-min-width=\"\" data-max-width=\"\" style=\"background:#ea551d;\" data-opacity=\"0.7\" data-hover-opacity=\"0.3\" ><img decoding=\"async\" class=\"ult-new-ib-img\" style=\"opacity:0.7;\" alt=\"1-Getriebe-Diagnose-itzehoe-Automatikgetriebe-diagnose-itzehoe-getriebedienstnord\" src=\"https:\/\/getriebedienstnord.de\/wp-content\/uploads\/2022\/02\/1-Getriebe-Diagnose-itzehoe-Automatikgetriebe-diagnose-itzehoe-getriebedienstnord.jpg\"   \/><div id=\"interactive-banner-wrap-5894\" class=\"ult-new-ib-desc\" style=\"\"><h2 class=\"ult-new-ib-title ult-responsive\"  data-ultimate-target='#interactive-banner-wrap-5894 .ult-new-ib-title'  data-responsive-json-new='{\"font-size\":\"desktop:30px;\",\"line-height\":\"desktop:30px;\"}'  style=\"font-weight:bold;color:#ffffff;\">GEARKASSE-DIAGNOSTIK<\/h2><div class=\"ult-new-ib-content ult-responsive\"  data-ultimate-target='#interactive-banner-wrap-5894 .ult-new-ib-content'  data-responsive-json-new='{\"font-size\":\"desktop:14px;\",\"line-height\":\"desktop:22px;\"}'  style=\"font-weight:bold;color:#ffffff;\"><p>L\u00e6r mere<\/p><\/div><\/div><a class=\"ult-new-ib-link\" href=\"https:\/\/getriebedienstnord.de\/da\/itzehoe\/gearkasse-diagnostik\"  ><\/a><\/div>[\/vc_column][\/vc_row]<\/p>\n<\/div>","protected":false},"excerpt":{"rendered":"<p>[vc_row css=&#8221;.vc_custom_1588159093692{margin-bottom: 80px !important;}&#8221;][vc_column width=&#8221;1\/2&#8243;][\/vc_column][vc_column width=&#8221;1\/2&#8243;][vc_single_image image=&#8221;2555&#8243; img_size=&#8221;500&#215;250&#8243; css=&#8221;.vc_custom_1645546862007{margin-bottom: 20px !important;}&#8221;][\/vc_column][\/vc_row][vc_row bg_type=&#8221;bg_color&#8221; bg_override=&#8221;ex-full&#8221; type=&#8221;vc_default&#8221; css=&#8221;.vc_custom_1588795212022{padding-top: 60px !important;padding-bottom: 70px !important;}&#8221; bg_color_value=&#8221;#ea551d&#8221;][vc_column][vc_row_inner][vc_column_inner width=&#8221;1\/3&#8243;][\/vc_column_inner][vc_column_inner width=&#8221;1\/3&#8243;][\/vc_column_inner][vc_column_inner width=&#8221;1\/3&#8243;][\/vc_column_inner][\/vc_row_inner][\/vc_column][\/vc_row][vc_row type=&#8221;vc_default&#8221; margin_top=&#8221;60&#8243; margin_bottom=&#8221;-40&#8243; css=&#8221;.vc_custom_1588159204916{padding-top: 70px !important;padding-bottom: 70px !important;}&#8221;][vc_column][\/vc_column][\/vc_row][vc_row][vc_column width=&#8221;1\/3&#8243; css=&#8221;.vc_custom_1588795434881{padding-bottom: 50px !important;}&#8221;][\/vc_column][vc_column width=&#8221;1\/3&#8243; css=&#8221;.vc_custom_1588795439020{padding-bottom: 50px !important;}&#8221;][\/vc_column][vc_column width=&#8221;1\/3&#8243; css=&#8221;.vc_custom_1588795443779{padding-bottom: 50px !important;}&#8221;][\/vc_column][\/vc_row]<\/p>\n","protected":false},"author":1,"featured_media":0,"parent":2722,"menu_order":3,"comment_status":"closed","ping_status":"closed","template":"","meta":{"_acf_changed":false,"footnotes":""},"class_list":["post-2724","page","type-page","status-publish","hentry","description-off"],"acf":[],"yoast_head":"<!-- This site is optimized with the Yoast SEO plugin v25.1 - https:\/\/yoast.com\/wordpress\/plugins\/seo\/ -->\n<title>Gearkasse-udskiftning i Itzehoe | Getriebedienstnord GmbH<\/title>\n<meta name=\"description\" content=\"Gearkasse-udskiftning i Itzehoe af alle m\u00e6rker | Udskiftning af automatgear i Itzehoe | Vi r\u00e5dgiver dig uforpligtende.\" \/>\n<meta name=\"robots\" content=\"index, follow, max-snippet:-1, max-image-preview:large, max-video-preview:-1\" \/>\n<link rel=\"canonical\" href=\"https:\/\/getriebedienstnord.de\/da\/itzehoe\/gearkasse-udskiftning\/\" \/>\n<meta property=\"og:locale\" content=\"da_DK\" \/>\n<meta property=\"og:type\" content=\"article\" \/>\n<meta property=\"og:title\" content=\"Gearkasse-udskiftning i Itzehoe | Getriebedienstnord GmbH\" \/>\n<meta property=\"og:description\" content=\"Gearkasse-udskiftning i Itzehoe af alle m\u00e6rker | Udskiftning af automatgear i Itzehoe | Vi r\u00e5dgiver dig uforpligtende.\" \/>\n<meta property=\"og:url\" content=\"https:\/\/getriebedienstnord.de\/da\/itzehoe\/gearkasse-udskiftning\/\" \/>\n<meta property=\"og:site_name\" content=\"Getriebedienst Nord GmbH\" \/>\n<meta property=\"article:modified_time\" content=\"2023-12-13T07:09:40+00:00\" \/>\n<meta name=\"twitter:card\" content=\"summary_large_image\" \/>\n<meta name=\"twitter:label1\" content=\"Estimeret l\u00e6setid\" \/>\n\t<meta name=\"twitter:data1\" content=\"3 minutter\" \/>\n<script type=\"application\/ld+json\" class=\"yoast-schema-graph\">{\"@context\":\"https:\/\/schema.org\",\"@graph\":[{\"@type\":\"WebPage\",\"@id\":\"https:\/\/getriebedienstnord.de\/da\/itzehoe\/gearkasse-udskiftning\/\",\"url\":\"https:\/\/getriebedienstnord.de\/da\/itzehoe\/gearkasse-udskiftning\/\",\"name\":\"Gearkasse-udskiftning i Itzehoe | Getriebedienstnord GmbH\",\"isPartOf\":{\"@id\":\"https:\/\/getriebedienstnord.de\/da\/#website\"},\"datePublished\":\"2022-02-03T09:04:38+00:00\",\"dateModified\":\"2023-12-13T07:09:40+00:00\",\"description\":\"Gearkasse-udskiftning i Itzehoe af alle m\u00e6rker | Udskiftning af automatgear i Itzehoe | Vi r\u00e5dgiver dig uforpligtende.\",\"breadcrumb\":{\"@id\":\"https:\/\/getriebedienstnord.de\/da\/itzehoe\/gearkasse-udskiftning\/#breadcrumb\"},\"inLanguage\":\"da-DK\",\"potentialAction\":[{\"@type\":\"ReadAction\",\"target\":[\"https:\/\/getriebedienstnord.de\/da\/itzehoe\/gearkasse-udskiftning\/\"]}]},{\"@type\":\"BreadcrumbList\",\"@id\":\"https:\/\/getriebedienstnord.de\/da\/itzehoe\/gearkasse-udskiftning\/#breadcrumb\",\"itemListElement\":[{\"@type\":\"ListItem\",\"position\":1,\"name\":\"Startseite\",\"item\":\"https:\/\/getriebedienstnord.de\/da\/\"},{\"@type\":\"ListItem\",\"position\":2,\"name\":\"Itzehoe\",\"item\":\"https:\/\/getriebedienstnord.de\/da\/itzehoe\/\"},{\"@type\":\"ListItem\",\"position\":3,\"name\":\"Gearkasse-udskiftning\"}]},{\"@type\":\"WebSite\",\"@id\":\"https:\/\/getriebedienstnord.de\/da\/#website\",\"url\":\"https:\/\/getriebedienstnord.de\/da\/\",\"name\":\"Getriebedienst Nord GmbH\",\"description\":\"Der Spezialist f\u00fcr Automatik- und Schaltgetriebe\",\"potentialAction\":[{\"@type\":\"SearchAction\",\"target\":{\"@type\":\"EntryPoint\",\"urlTemplate\":\"https:\/\/getriebedienstnord.de\/da\/?s={search_term_string}\"},\"query-input\":{\"@type\":\"PropertyValueSpecification\",\"valueRequired\":true,\"valueName\":\"search_term_string\"}}],\"inLanguage\":\"da-DK\"}]}<\/script>\n<!-- \/ Yoast SEO plugin. -->","yoast_head_json":{"title":"Gearkasse-udskiftning i Itzehoe | Getriebedienstnord GmbH","description":"Gearkasse-udskiftning i Itzehoe af alle m\u00e6rker | Udskiftning af automatgear i Itzehoe | Vi r\u00e5dgiver dig uforpligtende.","robots":{"index":"index","follow":"follow","max-snippet":"max-snippet:-1","max-image-preview":"max-image-preview:large","max-video-preview":"max-video-preview:-1"},"canonical":"https:\/\/getriebedienstnord.de\/da\/itzehoe\/gearkasse-udskiftning\/","og_locale":"da_DK","og_type":"article","og_title":"Gearkasse-udskiftning i Itzehoe | Getriebedienstnord GmbH","og_description":"Gearkasse-udskiftning i Itzehoe af alle m\u00e6rker | Udskiftning af automatgear i Itzehoe | Vi r\u00e5dgiver dig uforpligtende.","og_url":"https:\/\/getriebedienstnord.de\/da\/itzehoe\/gearkasse-udskiftning\/","og_site_name":"Getriebedienst Nord GmbH","article_modified_time":"2023-12-13T07:09:40+00:00","twitter_card":"summary_large_image","twitter_misc":{"Estimeret l\u00e6setid":"3 minutter"},"schema":{"@context":"https:\/\/schema.org","@graph":[{"@type":"WebPage","@id":"https:\/\/getriebedienstnord.de\/da\/itzehoe\/gearkasse-udskiftning\/","url":"https:\/\/getriebedienstnord.de\/da\/itzehoe\/gearkasse-udskiftning\/","name":"Gearkasse-udskiftning i Itzehoe | Getriebedienstnord GmbH","isPartOf":{"@id":"https:\/\/getriebedienstnord.de\/da\/#website"},"datePublished":"2022-02-03T09:04:38+00:00","dateModified":"2023-12-13T07:09:40+00:00","description":"Gearkasse-udskiftning i Itzehoe af alle m\u00e6rker | Udskiftning af automatgear i Itzehoe | Vi r\u00e5dgiver dig uforpligtende.","breadcrumb":{"@id":"https:\/\/getriebedienstnord.de\/da\/itzehoe\/gearkasse-udskiftning\/#breadcrumb"},"inLanguage":"da-DK","potentialAction":[{"@type":"ReadAction","target":["https:\/\/getriebedienstnord.de\/da\/itzehoe\/gearkasse-udskiftning\/"]}]},{"@type":"BreadcrumbList","@id":"https:\/\/getriebedienstnord.de\/da\/itzehoe\/gearkasse-udskiftning\/#breadcrumb","itemListElement":[{"@type":"ListItem","position":1,"name":"Startseite","item":"https:\/\/getriebedienstnord.de\/da\/"},{"@type":"ListItem","position":2,"name":"Itzehoe","item":"https:\/\/getriebedienstnord.de\/da\/itzehoe\/"},{"@type":"ListItem","position":3,"name":"Gearkasse-udskiftning"}]},{"@type":"WebSite","@id":"https:\/\/getriebedienstnord.de\/da\/#website","url":"https:\/\/getriebedienstnord.de\/da\/","name":"Getriebedienst Nord GmbH","description":"Der Spezialist f\u00fcr Automatik- und Schaltgetriebe","potentialAction":[{"@type":"SearchAction","target":{"@type":"EntryPoint","urlTemplate":"https:\/\/getriebedienstnord.de\/da\/?s={search_term_string}"},"query-input":{"@type":"PropertyValueSpecification","valueRequired":true,"valueName":"search_term_string"}}],"inLanguage":"da-DK"}]}},"_links":{"self":[{"href":"https:\/\/getriebedienstnord.de\/da\/wp-json\/wp\/v2\/pages\/2724"}],"collection":[{"href":"https:\/\/getriebedienstnord.de\/da\/wp-json\/wp\/v2\/pages"}],"about":[{"href":"https:\/\/getriebedienstnord.de\/da\/wp-json\/wp\/v2\/types\/page"}],"author":[{"embeddable":true,"href":"https:\/\/getriebedienstnord.de\/da\/wp-json\/wp\/v2\/users\/1"}],"replies":[{"embeddable":true,"href":"https:\/\/getriebedienstnord.de\/da\/wp-json\/wp\/v2\/comments?post=2724"}],"version-history":[{"count":7,"href":"https:\/\/getriebedienstnord.de\/da\/wp-json\/wp\/v2\/pages\/2724\/revisions"}],"predecessor-version":[{"id":3322,"href":"https:\/\/getriebedienstnord.de\/da\/wp-json\/wp\/v2\/pages\/2724\/revisions\/3322"}],"up":[{"embeddable":true,"href":"https:\/\/getriebedienstnord.de\/da\/wp-json\/wp\/v2\/pages\/2722"}],"wp:attachment":[{"href":"https:\/\/getriebedienstnord.de\/da\/wp-json\/wp\/v2\/media?parent=2724"}],"curies":[{"name":"wp","href":"https:\/\/api.w.org\/{rel}","templated":true}]}}