{"id":2716,"date":"2022-02-03T09:04:20","date_gmt":"2022-02-03T09:04:20","guid":{"rendered":"https:\/\/getriebedienstnord.de\/getriebe-reparatur-2\/"},"modified":"2023-12-13T07:11:04","modified_gmt":"2023-12-13T07:11:04","slug":"gearkasse-reparationer","status":"publish","type":"page","link":"https:\/\/getriebedienstnord.de\/da\/itzehoe\/gearkasse-reparationer\/","title":{"rendered":"Gearkasse reparationer"},"content":{"rendered":"<div class=\"wpb-content-wrapper\"><p>[vc_row css=&#8221;.vc_custom_1588159093692{margin-bottom: 80px !important;}&#8221;][vc_column width=&#8221;1\/2&#8243;]<div id=\"ultimate-heading-228569e08c2176a54\" class=\"uvc-heading ult-adjust-bottom-margin ultimate-heading-228569e08c2176a54 uvc-6052 \" data-hspacer=\"no_spacer\"  data-halign=\"left\" style=\"text-align:left\"><div class=\"uvc-heading-spacer no_spacer\" style=\"top\"><\/div><div class=\"uvc-main-heading ult-responsive\"  data-ultimate-target='.uvc-heading.ultimate-heading-228569e08c2176a54 h1'  data-responsive-json-new='{\"font-size\":\"desktop:50px;\",\"line-height\":\"\"}' ><h1 style=\"--font-weight:theme;\">Gearkasse-reparationer i Itzehoe<\/h1><\/div><div class=\"uvc-sub-heading ult-responsive\"  data-ultimate-target='.uvc-heading.ultimate-heading-228569e08c2176a54 .uvc-sub-heading '  data-responsive-json-new='{\"font-size\":\"\",\"line-height\":\"\"}'  style=\"font-weight:normal;\">Eksisterende eller begyndende skader p\u00e5 din bils gear viser sig ofte igennem m\u00e6rkelige eller us\u00e6dvanligt h\u00f8je k\u00f8relyde, tab af v\u00e6ske eller problemer med gearskift og kobling. <span class=\"Apple-converted-space\">\u00a0<\/span><\/p>\n<p>\u00c5rsagerne kan v\u00e6re termisk overbelastning, ut\u00e6thed i kassen eller p\u00e5 t\u00e6tningerne, slid p\u00e5 materialet eller brug af for lidt eller forkert gearolie. <span class=\"Apple-converted-space\">\u00a0<\/span><\/p>\n<p>I alle disse tilf\u00e6lde er vi din professionelle partner til gearkasse-reparationer i Itzehoe. <span class=\"Apple-converted-space\">\u00a0<\/span><\/p>\n<p>Efter en grundig gennemgang kan vores professionelle personale afg\u00f8re, hvilke reparationer der skal fortages for at s\u00e6tte din gearkassen i fuld funktionsdygtig stand igen. <span class=\"Apple-converted-space\">\u00a0<\/span><\/p>\n<p>Typisk repareres gearkassen efter en komplet demontering, hvor alle defekte dele udskiftes p\u00e5 professionel vis. Efter genmonteringen tjekker vi gearkassens funktionalitet n\u00f8je. Uanset hvad f\u00e5r du gavn af \u00e9t \u00e5rs garanti.<span class=\"Apple-converted-space\">\u00a0<\/span><\/p>\n<p>Hvis n\u00f8dvendigt, afhenter vi ogs\u00e5 gerne dit k\u00f8ret\u00f8j og stiller en erstatningsbil til r\u00e5dighed mens vi er i gang med reparationerne.<\/div><\/div>[\/vc_column][vc_column width=&#8221;1\/2&#8243;][vc_single_image image=&#8221;2550&#8243; img_size=&#8221;500&#215;300&#8243; css=&#8221;.vc_custom_1645546537342{margin-bottom: 20px !important;}&#8221;]<div class=\"aio-icon-component    style_1\"><div id=\"Info-box-wrap-2849\" class=\"aio-icon-box default-icon\" style=\"\"  ><div class=\"aio-icon-default\"><div class=\"ult-just-icon-wrapper  \"><div class=\"align-icon\" style=\"text-align:center;\">\n<div class=\"aio-icon none \"  style=\"color:#ea551d;font-size:18px;display:inline-block;\">\n\t<i class=\"icomoon-icomoonfree-16x16-checkmark\"><\/i>\n<\/div><\/div><\/div><\/div><div class=\"aio-icon-header\" ><h3 class=\"aio-icon-title ult-responsive\"  data-ultimate-target='#Info-box-wrap-2849 .aio-icon-title'  data-responsive-json-new='{\"font-size\":\"\",\"line-height\":\"\"}'  style=\"\">GEARKASSE-REPARATION ALLE M\u00c6RKER<\/h3><\/div> <!-- header --><\/div> <!-- aio-icon-box --><\/div> <!-- aio-icon-component --><div class=\"aio-icon-component    style_1\"><div id=\"Info-box-wrap-6497\" class=\"aio-icon-box default-icon\" style=\"\"  ><div class=\"aio-icon-default\"><div class=\"ult-just-icon-wrapper  \"><div class=\"align-icon\" style=\"text-align:center;\">\n<div class=\"aio-icon none \"  style=\"color:#ea551d;font-size:18px;display:inline-block;\">\n\t<i class=\"icomoon-icomoonfree-16x16-checkmark\"><\/i>\n<\/div><\/div><\/div><\/div><div class=\"aio-icon-header\" ><h3 class=\"aio-icon-title ult-responsive\"  data-ultimate-target='#Info-box-wrap-6497 .aio-icon-title'  data-responsive-json-new='{\"font-size\":\"\",\"line-height\":\"\"}'  style=\"\">AFHENTNINGSSERVICE<\/h3><\/div> <!-- header --><\/div> <!-- aio-icon-box --><\/div> <!-- aio-icon-component --><div class=\"aio-icon-component    style_1\"><div id=\"Info-box-wrap-8857\" class=\"aio-icon-box default-icon\" style=\"\"  ><div class=\"aio-icon-default\"><div class=\"ult-just-icon-wrapper  \"><div class=\"align-icon\" style=\"text-align:center;\">\n<div class=\"aio-icon none \"  style=\"color:#ea551d;font-size:18px;display:inline-block;\">\n\t<i class=\"icomoon-icomoonfree-16x16-checkmark\"><\/i>\n<\/div><\/div><\/div><\/div><div class=\"aio-icon-header\" ><h3 class=\"aio-icon-title ult-responsive\"  data-ultimate-target='#Info-box-wrap-8857 .aio-icon-title'  data-responsive-json-new='{\"font-size\":\"\",\"line-height\":\"\"}'  style=\"\">L\u00c5NEBIL<\/h3><\/div> <!-- header --><\/div> <!-- aio-icon-box --><\/div> <!-- aio-icon-component --><div class=\"aio-icon-component    style_1\"><div id=\"Info-box-wrap-3377\" class=\"aio-icon-box default-icon\" style=\"\"  ><div class=\"aio-icon-default\"><div class=\"ult-just-icon-wrapper  \"><div class=\"align-icon\" style=\"text-align:center;\">\n<div class=\"aio-icon none \"  style=\"color:#ea551d;font-size:18px;display:inline-block;\">\n\t<i class=\"icomoon-icomoonfree-16x16-checkmark\"><\/i>\n<\/div><\/div><\/div><\/div><div class=\"aio-icon-header\" ><h3 class=\"aio-icon-title ult-responsive\"  data-ultimate-target='#Info-box-wrap-3377 .aio-icon-title'  data-responsive-json-new='{\"font-size\":\"\",\"line-height\":\"\"}'  style=\"\">1 \u00c5RS GARANTI<\/h3><\/div> <!-- header --><\/div> <!-- aio-icon-box --><\/div> <!-- aio-icon-component -->[\/vc_column][\/vc_row][vc_row bg_type=&#8221;bg_color&#8221; bg_override=&#8221;ex-full&#8221; type=&#8221;vc_default&#8221; css=&#8221;.vc_custom_1588795212022{padding-top: 60px !important;padding-bottom: 70px !important;}&#8221; bg_color_value=&#8221;#ea551d&#8221;][vc_column]<div id=\"ultimate-heading-861469e08c217748b\" class=\"uvc-heading ult-adjust-bottom-margin ultimate-heading-861469e08c217748b uvc-7996 \" data-hspacer=\"no_spacer\"  data-halign=\"center\" style=\"text-align:center\"><div class=\"uvc-heading-spacer no_spacer\" style=\"top\"><\/div><div class=\"uvc-main-heading ult-responsive\"  data-ultimate-target='.uvc-heading.ultimate-heading-861469e08c217748b h3'  data-responsive-json-new='{\"font-size\":\"desktop:40px;tablet_portrait:20px;mobile:28px;\",\"line-height\":\"desktop:46px;tablet_portrait:26px;mobile:28px;\"}' ><h3 style=\"font-family:&#039;Open Sans Condensed&#039;;font-weight:700;color:#ffffff;\">UFORPLIGTENDE FORESP\u00d8RGSEL FOR AFDELING:<\/h3><\/div><\/div>[vc_row_inner][vc_column_inner width=&#8221;1\/3&#8243;]<style type=\"text\/css\" data-type=\"the7_shortcodes-inline-css\">#default-btn-a7c97d367e025ffee0155fae330c5bdd {\n  border-radius: 1px;\n  font-size: 20px;\n  line-height: 22px;\n}\n.btn-shadow#default-btn-a7c97d367e025ffee0155fae330c5bdd {\n  box-shadow: 0 1px 6px rgba(0,0,0,0.12);\n  transition: box-shadow 0.2s ease-out, opacity 0.45s;\n}\n.btn-shadow#default-btn-a7c97d367e025ffee0155fae330c5bdd:hover {\n  box-shadow: 0 5px 11px 0 rgba(0,0,0,0.18), 0 4px 15px 0 rgba(0,0,0,0.15);\n}\n.btn-3d#default-btn-a7c97d367e025ffee0155fae330c5bdd {\n  box-shadow: 0px 2px 0px 0px #4da7c3;\n}\n.btn-3d#default-btn-a7c97d367e025ffee0155fae330c5bdd:hover {\n  box-shadow: 0px 2px 0px 0px #2f8aa5;\n}\n.btn-flat#default-btn-a7c97d367e025ffee0155fae330c5bdd {\n  box-shadow: none;\n}\n.btn-flat#default-btn-a7c97d367e025ffee0155fae330c5bdd:hover {\n  box-shadow: none;\n}\n#default-btn-a7c97d367e025ffee0155fae330c5bdd.ico-right-side > i {\n  margin-right: 0px;\n  margin-left: 8px;\n}\n#default-btn-a7c97d367e025ffee0155fae330c5bdd > i {\n  margin-right: 8px;\n  font-size: 12px;\n}\n#default-btn-a7c97d367e025ffee0155fae330c5bdd:not(:hover) {\n  border-width: 0px;\n  border-color: #ffffff !important;\n  color: #ffffff;\n  background: #69c7e4 !important;\n  padding: 12px 18px 12px 18px;\n}\n#default-btn-a7c97d367e025ffee0155fae330c5bdd:not(:hover) * {\n  color: #ffffff;\n}\n#default-btn-a7c97d367e025ffee0155fae330c5bdd:hover {\n  border-width: 0px;\n  color: #f2f2f2;\n  background: #2fb9e2 !important;\n  padding: 12px 18px 12px 18px;\n}\n#default-btn-a7c97d367e025ffee0155fae330c5bdd:hover * {\n  color: #f2f2f2;\n}\n#default-btn-a7c97d367e025ffee0155fae330c5bdd.ico-right-side > i {\n  margin-right: 0px;\n  margin-left: 8px;\n}\n#default-btn-a7c97d367e025ffee0155fae330c5bdd > i {\n  margin-right: 8px;\n}<\/style><div class=\"btn-align-center\"><a href=\"https:\/\/getriebedienstnord.de\/da\/kontakt\/#kontakt-itzehoe\" class=\"default-btn-shortcode dt-btn link-hover-off btn-flat  vc_custom_1645546606093\" id=\"default-btn-a7c97d367e025ffee0155fae330c5bdd\" style=\"width:400px;\"><span>ITZEHOE<\/span><\/a><\/div>[\/vc_column_inner][vc_column_inner width=&#8221;1\/3&#8243;]<style type=\"text\/css\" data-type=\"the7_shortcodes-inline-css\">#default-btn-aa410c0c4a361c3660df5bc9de704923 {\n  border-radius: 1px;\n  font-size: 20px;\n  line-height: 22px;\n}\n.btn-shadow#default-btn-aa410c0c4a361c3660df5bc9de704923 {\n  box-shadow: 0 1px 6px rgba(0,0,0,0.12);\n  transition: box-shadow 0.2s ease-out, opacity 0.45s;\n}\n.btn-shadow#default-btn-aa410c0c4a361c3660df5bc9de704923:hover {\n  box-shadow: 0 5px 11px 0 rgba(0,0,0,0.18), 0 4px 15px 0 rgba(0,0,0,0.15);\n}\n.btn-3d#default-btn-aa410c0c4a361c3660df5bc9de704923 {\n  box-shadow: 0px 2px 0px 0px #4da7c3;\n}\n.btn-3d#default-btn-aa410c0c4a361c3660df5bc9de704923:hover {\n  box-shadow: 0px 2px 0px 0px #2f8aa5;\n}\n.btn-flat#default-btn-aa410c0c4a361c3660df5bc9de704923 {\n  box-shadow: none;\n}\n.btn-flat#default-btn-aa410c0c4a361c3660df5bc9de704923:hover {\n  box-shadow: none;\n}\n#default-btn-aa410c0c4a361c3660df5bc9de704923.ico-right-side > i {\n  margin-right: 0px;\n  margin-left: 8px;\n}\n#default-btn-aa410c0c4a361c3660df5bc9de704923 > i {\n  margin-right: 8px;\n  font-size: 12px;\n}\n#default-btn-aa410c0c4a361c3660df5bc9de704923:not(:hover) {\n  border-width: 0px;\n  border-color: #ffffff !important;\n  color: #ffffff;\n  background: #69c7e4 !important;\n  padding: 12px 18px 12px 18px;\n}\n#default-btn-aa410c0c4a361c3660df5bc9de704923:not(:hover) * {\n  color: #ffffff;\n}\n#default-btn-aa410c0c4a361c3660df5bc9de704923:hover {\n  border-width: 0px;\n  color: #f2f2f2;\n  background: #2fb9e2 !important;\n  padding: 12px 18px 12px 18px;\n}\n#default-btn-aa410c0c4a361c3660df5bc9de704923:hover * {\n  color: #f2f2f2;\n}\n#default-btn-aa410c0c4a361c3660df5bc9de704923.ico-right-side > i {\n  margin-right: 0px;\n  margin-left: 8px;\n}\n#default-btn-aa410c0c4a361c3660df5bc9de704923 > i {\n  margin-right: 8px;\n}<\/style><div class=\"btn-align-center\"><a href=\"https:\/\/getriebedienstnord.de\/da\/kontakt\/#kontakt-hamburg\" class=\"default-btn-shortcode dt-btn link-hover-off btn-flat  vc_custom_1645546613426\" id=\"default-btn-aa410c0c4a361c3660df5bc9de704923\" style=\"width:400px;\"><span>HAMBURG<\/span><\/a><\/div>[\/vc_column_inner][vc_column_inner width=&#8221;1\/3&#8243;]<style type=\"text\/css\" data-type=\"the7_shortcodes-inline-css\">#default-btn-87e8917b5de2fa0ff73c6565db9b09c9 {\n  border-radius: 1px;\n  font-size: 20px;\n  line-height: 22px;\n}\n.btn-shadow#default-btn-87e8917b5de2fa0ff73c6565db9b09c9 {\n  box-shadow: 0 1px 6px rgba(0,0,0,0.12);\n  transition: box-shadow 0.2s ease-out, opacity 0.45s;\n}\n.btn-shadow#default-btn-87e8917b5de2fa0ff73c6565db9b09c9:hover {\n  box-shadow: 0 5px 11px 0 rgba(0,0,0,0.18), 0 4px 15px 0 rgba(0,0,0,0.15);\n}\n.btn-3d#default-btn-87e8917b5de2fa0ff73c6565db9b09c9 {\n  box-shadow: 0px 2px 0px 0px #4da7c3;\n}\n.btn-3d#default-btn-87e8917b5de2fa0ff73c6565db9b09c9:hover {\n  box-shadow: 0px 2px 0px 0px #2f8aa5;\n}\n.btn-flat#default-btn-87e8917b5de2fa0ff73c6565db9b09c9 {\n  box-shadow: none;\n}\n.btn-flat#default-btn-87e8917b5de2fa0ff73c6565db9b09c9:hover {\n  box-shadow: none;\n}\n#default-btn-87e8917b5de2fa0ff73c6565db9b09c9.ico-right-side > i {\n  margin-right: 0px;\n  margin-left: 8px;\n}\n#default-btn-87e8917b5de2fa0ff73c6565db9b09c9 > i {\n  margin-right: 8px;\n  font-size: 12px;\n}\n#default-btn-87e8917b5de2fa0ff73c6565db9b09c9:not(:hover) {\n  border-width: 0px;\n  border-color: #ffffff !important;\n  color: #ffffff;\n  background: #69c7e4 !important;\n  padding: 12px 18px 12px 18px;\n}\n#default-btn-87e8917b5de2fa0ff73c6565db9b09c9:not(:hover) * {\n  color: #ffffff;\n}\n#default-btn-87e8917b5de2fa0ff73c6565db9b09c9:hover {\n  border-width: 0px;\n  color: #f2f2f2;\n  background: #2fb9e2 !important;\n  padding: 12px 18px 12px 18px;\n}\n#default-btn-87e8917b5de2fa0ff73c6565db9b09c9:hover * {\n  color: #f2f2f2;\n}\n#default-btn-87e8917b5de2fa0ff73c6565db9b09c9.ico-right-side > i {\n  margin-right: 0px;\n  margin-left: 8px;\n}\n#default-btn-87e8917b5de2fa0ff73c6565db9b09c9 > i {\n  margin-right: 8px;\n}<\/style><div class=\"btn-align-center\"><a href=\"https:\/\/getriebedienstnord.de\/da\/kontakt\/#kontakt-flensburg\" class=\"default-btn-shortcode dt-btn link-hover-off btn-flat  vc_custom_1645546621635\" id=\"default-btn-87e8917b5de2fa0ff73c6565db9b09c9\" style=\"width:400px;\"><span>FLENSBURG<\/span><\/a><\/div>[\/vc_column_inner][\/vc_row_inner][\/vc_column][\/vc_row][vc_row type=&#8221;vc_default&#8221; margin_top=&#8221;60&#8243; margin_bottom=&#8221;-40&#8243; css=&#8221;.vc_custom_1588159204916{padding-top: 70px !important;padding-bottom: 70px !important;}&#8221;][vc_column]<div id=\"ultimate-heading-386769e08c217781f\" class=\"uvc-heading ult-adjust-bottom-margin ultimate-heading-386769e08c217781f uvc-4401 accent-border-color\" data-hspacer=\"line_only\"  data-halign=\"center\" style=\"text-align:center\"><div class=\"uvc-main-heading ult-responsive\"  data-ultimate-target='.uvc-heading.ultimate-heading-386769e08c217781f h2'  data-responsive-json-new='{\"font-size\":\"desktop:40px;\",\"line-height\":\"desktop:46px;\"}' ><h2 style=\"font-weight:bold;margin-bottom:15px;\">Till\u00e6gsydelser<\/h2><\/div><div class=\"uvc-heading-spacer line_only\" style=\"topheight:5px;\"><span class=\"uvc-headings-line\" style=\"border-style:solid;border-bottom-width:5px;border-color:;width:200px;\"><\/span><\/div><\/div>[\/vc_column][\/vc_row][vc_row][vc_column width=&#8221;1\/3&#8243; css=&#8221;.vc_custom_1588795333684{padding-bottom: 50px !important;}&#8221;]<div class=\"ult-new-ib ult-ib-effect-style13  ult-ib-resp   vc_custom_1645556280076\" data-min-width=\"\" data-max-width=\"\" style=\"background:#ea551d;\" data-opacity=\"0.7\" data-hover-opacity=\"0.3\" ><img decoding=\"async\" class=\"ult-new-ib-img\" style=\"opacity:0.7;\" alt=\"1-Getriebe-Austausch-itzehoe-Austausch-Automatikgetriebe-itzehoe-getriebedienstnord\" src=\"https:\/\/getriebedienstnord.de\/wp-content\/uploads\/2022\/02\/1-Getriebe-Austausch-itzehoe-Austausch-Automatikgetriebe-itzehoe-getriebedienstnord.jpg\"   \/><div id=\"interactive-banner-wrap-6354\" class=\"ult-new-ib-desc\" style=\"\"><h2 class=\"ult-new-ib-title ult-responsive\"  data-ultimate-target='#interactive-banner-wrap-6354 .ult-new-ib-title'  data-responsive-json-new='{\"font-size\":\"desktop:30px;\",\"line-height\":\"desktop:30px;\"}'  style=\"font-weight:bold;color:#ffffff;\">GEARKASSE-UDSKIFTNING<\/h2><div class=\"ult-new-ib-content ult-responsive\"  data-ultimate-target='#interactive-banner-wrap-6354 .ult-new-ib-content'  data-responsive-json-new='{\"font-size\":\"desktop:14px;\",\"line-height\":\"desktop:22px;\"}'  style=\"font-weight:bold;color:#ffffff;\"><p>L\u00e6r mere<\/p><\/div><\/div><a class=\"ult-new-ib-link\" href=\"https:\/\/getriebedienstnord.de\/da\/itzehoe\/gearkasse-udskiftning\"  ><\/a><\/div>[\/vc_column][vc_column width=&#8221;1\/3&#8243; css=&#8221;.vc_custom_1588795341382{padding-bottom: 50px !important;}&#8221;]<div class=\"ult-new-ib ult-ib-effect-style13  ult-ib-resp   vc_custom_1645553096019\" data-min-width=\"\" data-max-width=\"\" style=\"background:#ea551d;\" data-opacity=\"0.7\" data-hover-opacity=\"0.3\" ><img decoding=\"async\" class=\"ult-new-ib-img\" style=\"opacity:0.7;\" alt=\"1-Getriebe-Sp\u00fclung-itzehoe-Automatikgetriebe-sp\u00fclen-itzehoe-Getriebedienstnord\" src=\"https:\/\/getriebedienstnord.de\/wp-content\/uploads\/2022\/02\/1-Getriebe-Spuelung-itzehoe-Automatikgetriebe-spuelen-itzehoe-Getriebedienstnord.jpg\"   \/><div id=\"interactive-banner-wrap-2360\" class=\"ult-new-ib-desc\" style=\"\"><h2 class=\"ult-new-ib-title ult-responsive\"  data-ultimate-target='#interactive-banner-wrap-2360 .ult-new-ib-title'  data-responsive-json-new='{\"font-size\":\"desktop:30px;\",\"line-height\":\"desktop:30px;\"}'  style=\"font-weight:bold;color:#ffffff;\">GEARKASSE-SKYLNING<\/h2><div class=\"ult-new-ib-content ult-responsive\"  data-ultimate-target='#interactive-banner-wrap-2360 .ult-new-ib-content'  data-responsive-json-new='{\"font-size\":\"desktop:14px;\",\"line-height\":\"desktop:22px;\"}'  style=\"font-weight:bold;color:#ffffff;\"><p>L\u00e6r mere<\/p><\/div><\/div><a class=\"ult-new-ib-link\" href=\"https:\/\/getriebedienstnord.de\/da\/itzehoe\/gearkasse-skylning\"  ><\/a><\/div>[\/vc_column][vc_column width=&#8221;1\/3&#8243; css=&#8221;.vc_custom_1588795347656{padding-bottom: 50px !important;}&#8221;]<div class=\"ult-new-ib ult-ib-effect-style13  ult-ib-resp   vc_custom_1645553116347\" data-min-width=\"\" data-max-width=\"\" style=\"background:#ea551d;\" data-opacity=\"0.7\" data-hover-opacity=\"0.3\" ><img decoding=\"async\" class=\"ult-new-ib-img\" style=\"opacity:0.7;\" alt=\"1-Getriebe-Diagnose-itzehoe-Automatikgetriebe-diagnose-itzehoe-getriebedienstnord\" src=\"https:\/\/getriebedienstnord.de\/wp-content\/uploads\/2022\/02\/1-Getriebe-Diagnose-itzehoe-Automatikgetriebe-diagnose-itzehoe-getriebedienstnord.jpg\"   \/><div id=\"interactive-banner-wrap-1589\" class=\"ult-new-ib-desc\" style=\"\"><h2 class=\"ult-new-ib-title ult-responsive\"  data-ultimate-target='#interactive-banner-wrap-1589 .ult-new-ib-title'  data-responsive-json-new='{\"font-size\":\"desktop:30px;\",\"line-height\":\"desktop:30px;\"}'  style=\"font-weight:bold;color:#ffffff;\">GEARKASSE-DIAGNOSTIK<\/h2><div class=\"ult-new-ib-content ult-responsive\"  data-ultimate-target='#interactive-banner-wrap-1589 .ult-new-ib-content'  data-responsive-json-new='{\"font-size\":\"desktop:14px;\",\"line-height\":\"desktop:22px;\"}'  style=\"font-weight:bold;color:#ffffff;\"><p>L\u00e6r mere<\/p><\/div><\/div><a class=\"ult-new-ib-link\" href=\"https:\/\/getriebedienstnord.de\/da\/itzehoe\/gearkasse-diagnostik\"  ><\/a><\/div>[\/vc_column][\/vc_row]<\/p>\n<\/div>","protected":false},"excerpt":{"rendered":"<p>[vc_row css=&#8221;.vc_custom_1588159093692{margin-bottom: 80px !important;}&#8221;][vc_column width=&#8221;1\/2&#8243;][\/vc_column][vc_column width=&#8221;1\/2&#8243;][vc_single_image image=&#8221;2550&#8243; img_size=&#8221;500&#215;300&#8243; css=&#8221;.vc_custom_1645546537342{margin-bottom: 20px !important;}&#8221;][\/vc_column][\/vc_row][vc_row bg_type=&#8221;bg_color&#8221; bg_override=&#8221;ex-full&#8221; type=&#8221;vc_default&#8221; css=&#8221;.vc_custom_1588795212022{padding-top: 60px !important;padding-bottom: 70px !important;}&#8221; bg_color_value=&#8221;#ea551d&#8221;][vc_column][vc_row_inner][vc_column_inner width=&#8221;1\/3&#8243;][\/vc_column_inner][vc_column_inner width=&#8221;1\/3&#8243;][\/vc_column_inner][vc_column_inner width=&#8221;1\/3&#8243;][\/vc_column_inner][\/vc_row_inner][\/vc_column][\/vc_row][vc_row type=&#8221;vc_default&#8221; margin_top=&#8221;60&#8243; margin_bottom=&#8221;-40&#8243; css=&#8221;.vc_custom_1588159204916{padding-top: 70px !important;padding-bottom: 70px !important;}&#8221;][vc_column][\/vc_column][\/vc_row][vc_row][vc_column width=&#8221;1\/3&#8243; css=&#8221;.vc_custom_1588795333684{padding-bottom: 50px !important;}&#8221;][\/vc_column][vc_column width=&#8221;1\/3&#8243; css=&#8221;.vc_custom_1588795341382{padding-bottom: 50px !important;}&#8221;][\/vc_column][vc_column width=&#8221;1\/3&#8243; css=&#8221;.vc_custom_1588795347656{padding-bottom: 50px !important;}&#8221;][\/vc_column][\/vc_row]<\/p>\n","protected":false},"author":1,"featured_media":0,"parent":2722,"menu_order":1,"comment_status":"closed","ping_status":"closed","template":"","meta":{"_acf_changed":false,"footnotes":""},"class_list":["post-2716","page","type-page","status-publish","hentry","description-off"],"acf":[],"yoast_head":"<!-- This site is optimized with the Yoast SEO plugin v25.1 - https:\/\/yoast.com\/wordpress\/plugins\/seo\/ -->\n<title>Gearkasse reparation i Itzehoe | Getriebedienstnord GmbH<\/title>\n<meta name=\"description\" content=\"Uanset om gearkassereparation eller gearkasseeftersyn, s\u00e5 er vi den rette kontakt til dig i Itzehoe.\" \/>\n<meta name=\"robots\" content=\"index, follow, max-snippet:-1, max-image-preview:large, max-video-preview:-1\" \/>\n<link rel=\"canonical\" href=\"https:\/\/getriebedienstnord.de\/da\/itzehoe\/gearkasse-reparationer\/\" \/>\n<meta property=\"og:locale\" content=\"da_DK\" \/>\n<meta property=\"og:type\" content=\"article\" \/>\n<meta property=\"og:title\" content=\"Gearkasse reparation i Itzehoe | Getriebedienstnord GmbH\" \/>\n<meta property=\"og:description\" content=\"Uanset om gearkassereparation eller gearkasseeftersyn, s\u00e5 er vi den rette kontakt til dig i Itzehoe.\" \/>\n<meta property=\"og:url\" content=\"https:\/\/getriebedienstnord.de\/da\/itzehoe\/gearkasse-reparationer\/\" \/>\n<meta property=\"og:site_name\" content=\"Getriebedienst Nord GmbH\" \/>\n<meta property=\"article:modified_time\" content=\"2023-12-13T07:11:04+00:00\" \/>\n<meta name=\"twitter:card\" content=\"summary_large_image\" \/>\n<meta name=\"twitter:label1\" content=\"Estimeret l\u00e6setid\" \/>\n\t<meta name=\"twitter:data1\" content=\"3 minutter\" \/>\n<script type=\"application\/ld+json\" class=\"yoast-schema-graph\">{\"@context\":\"https:\/\/schema.org\",\"@graph\":[{\"@type\":\"WebPage\",\"@id\":\"https:\/\/getriebedienstnord.de\/da\/itzehoe\/gearkasse-reparationer\/\",\"url\":\"https:\/\/getriebedienstnord.de\/da\/itzehoe\/gearkasse-reparationer\/\",\"name\":\"Gearkasse reparation i Itzehoe | Getriebedienstnord GmbH\",\"isPartOf\":{\"@id\":\"https:\/\/getriebedienstnord.de\/da\/#website\"},\"datePublished\":\"2022-02-03T09:04:20+00:00\",\"dateModified\":\"2023-12-13T07:11:04+00:00\",\"description\":\"Uanset om gearkassereparation eller gearkasseeftersyn, s\u00e5 er vi den rette kontakt til dig i Itzehoe.\",\"breadcrumb\":{\"@id\":\"https:\/\/getriebedienstnord.de\/da\/itzehoe\/gearkasse-reparationer\/#breadcrumb\"},\"inLanguage\":\"da-DK\",\"potentialAction\":[{\"@type\":\"ReadAction\",\"target\":[\"https:\/\/getriebedienstnord.de\/da\/itzehoe\/gearkasse-reparationer\/\"]}]},{\"@type\":\"BreadcrumbList\",\"@id\":\"https:\/\/getriebedienstnord.de\/da\/itzehoe\/gearkasse-reparationer\/#breadcrumb\",\"itemListElement\":[{\"@type\":\"ListItem\",\"position\":1,\"name\":\"Startseite\",\"item\":\"https:\/\/getriebedienstnord.de\/da\/\"},{\"@type\":\"ListItem\",\"position\":2,\"name\":\"Itzehoe\",\"item\":\"https:\/\/getriebedienstnord.de\/da\/itzehoe\/\"},{\"@type\":\"ListItem\",\"position\":3,\"name\":\"Gearkasse reparationer\"}]},{\"@type\":\"WebSite\",\"@id\":\"https:\/\/getriebedienstnord.de\/da\/#website\",\"url\":\"https:\/\/getriebedienstnord.de\/da\/\",\"name\":\"Getriebedienst Nord GmbH\",\"description\":\"Der Spezialist f\u00fcr Automatik- und Schaltgetriebe\",\"potentialAction\":[{\"@type\":\"SearchAction\",\"target\":{\"@type\":\"EntryPoint\",\"urlTemplate\":\"https:\/\/getriebedienstnord.de\/da\/?s={search_term_string}\"},\"query-input\":{\"@type\":\"PropertyValueSpecification\",\"valueRequired\":true,\"valueName\":\"search_term_string\"}}],\"inLanguage\":\"da-DK\"}]}<\/script>\n<!-- \/ Yoast SEO plugin. -->","yoast_head_json":{"title":"Gearkasse reparation i Itzehoe | Getriebedienstnord GmbH","description":"Uanset om gearkassereparation eller gearkasseeftersyn, s\u00e5 er vi den rette kontakt til dig i Itzehoe.","robots":{"index":"index","follow":"follow","max-snippet":"max-snippet:-1","max-image-preview":"max-image-preview:large","max-video-preview":"max-video-preview:-1"},"canonical":"https:\/\/getriebedienstnord.de\/da\/itzehoe\/gearkasse-reparationer\/","og_locale":"da_DK","og_type":"article","og_title":"Gearkasse reparation i Itzehoe | Getriebedienstnord GmbH","og_description":"Uanset om gearkassereparation eller gearkasseeftersyn, s\u00e5 er vi den rette kontakt til dig i Itzehoe.","og_url":"https:\/\/getriebedienstnord.de\/da\/itzehoe\/gearkasse-reparationer\/","og_site_name":"Getriebedienst Nord GmbH","article_modified_time":"2023-12-13T07:11:04+00:00","twitter_card":"summary_large_image","twitter_misc":{"Estimeret l\u00e6setid":"3 minutter"},"schema":{"@context":"https:\/\/schema.org","@graph":[{"@type":"WebPage","@id":"https:\/\/getriebedienstnord.de\/da\/itzehoe\/gearkasse-reparationer\/","url":"https:\/\/getriebedienstnord.de\/da\/itzehoe\/gearkasse-reparationer\/","name":"Gearkasse reparation i Itzehoe | Getriebedienstnord GmbH","isPartOf":{"@id":"https:\/\/getriebedienstnord.de\/da\/#website"},"datePublished":"2022-02-03T09:04:20+00:00","dateModified":"2023-12-13T07:11:04+00:00","description":"Uanset om gearkassereparation eller gearkasseeftersyn, s\u00e5 er vi den rette kontakt til dig i Itzehoe.","breadcrumb":{"@id":"https:\/\/getriebedienstnord.de\/da\/itzehoe\/gearkasse-reparationer\/#breadcrumb"},"inLanguage":"da-DK","potentialAction":[{"@type":"ReadAction","target":["https:\/\/getriebedienstnord.de\/da\/itzehoe\/gearkasse-reparationer\/"]}]},{"@type":"BreadcrumbList","@id":"https:\/\/getriebedienstnord.de\/da\/itzehoe\/gearkasse-reparationer\/#breadcrumb","itemListElement":[{"@type":"ListItem","position":1,"name":"Startseite","item":"https:\/\/getriebedienstnord.de\/da\/"},{"@type":"ListItem","position":2,"name":"Itzehoe","item":"https:\/\/getriebedienstnord.de\/da\/itzehoe\/"},{"@type":"ListItem","position":3,"name":"Gearkasse reparationer"}]},{"@type":"WebSite","@id":"https:\/\/getriebedienstnord.de\/da\/#website","url":"https:\/\/getriebedienstnord.de\/da\/","name":"Getriebedienst Nord GmbH","description":"Der Spezialist f\u00fcr Automatik- und Schaltgetriebe","potentialAction":[{"@type":"SearchAction","target":{"@type":"EntryPoint","urlTemplate":"https:\/\/getriebedienstnord.de\/da\/?s={search_term_string}"},"query-input":{"@type":"PropertyValueSpecification","valueRequired":true,"valueName":"search_term_string"}}],"inLanguage":"da-DK"}]}},"_links":{"self":[{"href":"https:\/\/getriebedienstnord.de\/da\/wp-json\/wp\/v2\/pages\/2716"}],"collection":[{"href":"https:\/\/getriebedienstnord.de\/da\/wp-json\/wp\/v2\/pages"}],"about":[{"href":"https:\/\/getriebedienstnord.de\/da\/wp-json\/wp\/v2\/types\/page"}],"author":[{"embeddable":true,"href":"https:\/\/getriebedienstnord.de\/da\/wp-json\/wp\/v2\/users\/1"}],"replies":[{"embeddable":true,"href":"https:\/\/getriebedienstnord.de\/da\/wp-json\/wp\/v2\/comments?post=2716"}],"version-history":[{"count":10,"href":"https:\/\/getriebedienstnord.de\/da\/wp-json\/wp\/v2\/pages\/2716\/revisions"}],"predecessor-version":[{"id":3326,"href":"https:\/\/getriebedienstnord.de\/da\/wp-json\/wp\/v2\/pages\/2716\/revisions\/3326"}],"up":[{"embeddable":true,"href":"https:\/\/getriebedienstnord.de\/da\/wp-json\/wp\/v2\/pages\/2722"}],"wp:attachment":[{"href":"https:\/\/getriebedienstnord.de\/da\/wp-json\/wp\/v2\/media?parent=2716"}],"curies":[{"name":"wp","href":"https:\/\/api.w.org\/{rel}","templated":true}]}}